{"id":65,"date":"2017-05-07T22:51:07","date_gmt":"2017-05-07T22:51:07","guid":{"rendered":"http:\/\/www.audiograal.com\/site\/?page_id=65"},"modified":"2017-05-08T09:04:57","modified_gmt":"2017-05-08T09:04:57","slug":"mentions-legales","status":"publish","type":"page","link":"https:\/\/www.audiograal.com\/site\/mentions-legales\/","title":{"rendered":"Mentions l\u00e9gales"},"content":{"rendered":"<h1 class=\"entry-title\">MENTIONS L\u00c9GALES<\/h1>\n<div class=\"post-content entry-content\">\n<p>Raison sociale, CINOD<br \/>\nforme juridique, SARL<br \/>\nadresse de l\u2019\u00e9tablissement ou du si\u00e8ge social, 16 rue joseph Fouriaux 92160 Antony<\/p>\n<p>montant du capital social 1000\u20ac<\/p>\n<p>Email\u00a0franck.richard@cinod.fr<br \/>\nT\u00e9l\u00e9phone : 06 63 68 90 54<\/p>\n<p>Num\u00e9ro d\u2019inscription au registre du commerce et des soci\u00e9t\u00e9s (RCS)\u00a0484 217 195<\/p>\n<p>Num\u00e9ro individuel d\u2019identification fiscale num\u00e9ro de TVA intracommunautaire : FR 64484217195<\/p>\n<p><strong>Coordonn\u00e9es de l\u2019h\u00e9bergeur du site :<\/strong><\/p>\n<p>Nuxit<br \/>\n400 Avenue Roumanille BP 309<br \/>\n06906 Sophia Antipolis Cedex<br \/>\nFRANCE<\/p>\n<\/div>\n","protected":false},"excerpt":{"rendered":"<p>MENTIONS L\u00c9GALES Raison sociale, CINOD forme juridique, SARL adresse de l\u2019\u00e9tablissement ou du si\u00e8ge social, 16 rue joseph Fouriaux 92160 Antony montant du capital social 1000\u20ac Email\u00a0franck.richard@cinod.fr T\u00e9l\u00e9phone : 06 63 68 90 54 Num\u00e9ro d\u2019inscription au registre du commerce et des soci\u00e9t\u00e9s (RCS)\u00a0484 217 195 Num\u00e9ro individuel d\u2019identification fiscale num\u00e9ro de TVA intracommunautaire : [&hellip;]<\/p>\n","protected":false},"author":1,"featured_media":0,"parent":0,"menu_order":0,"comment_status":"closed","ping_status":"closed","template":"","meta":{"_et_pb_use_builder":"","_et_pb_old_content":"","_et_gb_content_width":"","footnotes":""},"class_list":["post-65","page","type-page","status-publish","hentry"],"_links":{"self":[{"href":"https:\/\/www.audiograal.com\/site\/wp-json\/wp\/v2\/pages\/65","targetHints":{"allow":["GET"]}}],"collection":[{"href":"https:\/\/www.audiograal.com\/site\/wp-json\/wp\/v2\/pages"}],"about":[{"href":"https:\/\/www.audiograal.com\/site\/wp-json\/wp\/v2\/types\/page"}],"author":[{"embeddable":true,"href":"https:\/\/www.audiograal.com\/site\/wp-json\/wp\/v2\/users\/1"}],"replies":[{"embeddable":true,"href":"https:\/\/www.audiograal.com\/site\/wp-json\/wp\/v2\/comments?post=65"}],"version-history":[{"count":3,"href":"https:\/\/www.audiograal.com\/site\/wp-json\/wp\/v2\/pages\/65\/revisions"}],"predecessor-version":[{"id":87,"href":"https:\/\/www.audiograal.com\/site\/wp-json\/wp\/v2\/pages\/65\/revisions\/87"}],"wp:attachment":[{"href":"https:\/\/www.audiograal.com\/site\/wp-json\/wp\/v2\/media?parent=65"}],"curies":[{"name":"wp","href":"https:\/\/api.w.org\/{rel}","templated":true}]}}